{"id":1538,"date":"2023-05-04T20:51:59","date_gmt":"2023-05-05T02:51:59","guid":{"rendered":"https:\/\/codarq.mx\/nosotros\/"},"modified":"2024-11-21T12:58:21","modified_gmt":"2024-11-21T18:58:21","slug":"nosotros","status":"publish","type":"page","link":"https:\/\/codarq.mx\/en\/nosotros\/","title":{"rendered":"Nosotros"},"content":{"rendered":"\t\t<div data-elementor-type=\"wp-page\" data-elementor-id=\"1538\" class=\"elementor elementor-1538 elementor-62\" data-elementor-settings=\"{&quot;ha_cmc_init_switcher&quot;:&quot;no&quot;}\">\n\t\t\t\t\t\t<section class=\"elementor-section elementor-top-section elementor-element elementor-element-a4fd9ce elementor-section-full_width elementor-section-height-default elementor-section-height-default\" data-id=\"a4fd9ce\" data-element_type=\"section\" data-settings=\"{&quot;_ha_eqh_enable&quot;:false}\">\n\t\t\t\t\t\t<div class=\"elementor-container elementor-column-gap-default\">\n\t\t\t\t\t<div class=\"elementor-column elementor-col-100 elementor-top-column elementor-element elementor-element-57c1489\" data-id=\"57c1489\" data-element_type=\"column\">\n\t\t\t<div class=\"elementor-widget-wrap elementor-element-populated\">\n\t\t\t\t\t\t<section class=\"elementor-section elementor-inner-section elementor-element elementor-element-41f02dd elementor-section-boxed elementor-section-height-default elementor-section-height-default\" data-id=\"41f02dd\" data-element_type=\"section\" data-settings=\"{&quot;_ha_eqh_enable&quot;:false}\">\n\t\t\t\t\t\t<div class=\"elementor-container elementor-column-gap-default\">\n\t\t\t\t\t<div class=\"elementor-column elementor-col-33 elementor-inner-column elementor-element elementor-element-2e27cac\" data-id=\"2e27cac\" data-element_type=\"column\">\n\t\t\t<div class=\"elementor-widget-wrap elementor-element-populated\">\n\t\t\t\t\t\t<div class=\"elementor-element elementor-element-da0468e elementor-widget elementor-widget-image\" data-id=\"da0468e\" data-element_type=\"widget\" data-widget_type=\"image.default\">\n\t\t\t\t<div class=\"elementor-widget-container\">\n\t\t\t\t\t\t\t\t\t\t\t\t\t\t\t<img fetchpriority=\"high\" decoding=\"async\" width=\"650\" height=\"429\" src=\"https:\/\/codarq.mx\/wp-content\/uploads\/2023\/05\/HelueMorales.jpg\" class=\"attachment-full size-full wp-image-1236\" alt=\"\" srcset=\"https:\/\/codarq.mx\/wp-content\/uploads\/2023\/05\/HelueMorales.jpg 650w, https:\/\/codarq.mx\/wp-content\/uploads\/2023\/05\/HelueMorales-300x198.jpg 300w\" sizes=\"(max-width: 650px) 100vw, 650px\" \/>\t\t\t\t\t\t\t\t\t\t\t\t\t\t\t<\/div>\n\t\t\t\t<\/div>\n\t\t\t\t<div class=\"elementor-element elementor-element-4842692 elementor-widget elementor-widget-heading\" data-id=\"4842692\" data-element_type=\"widget\" data-widget_type=\"heading.default\">\n\t\t\t\t<div class=\"elementor-widget-container\">\n\t\t\t\t\t<h1 class=\"elementor-heading-title elementor-size-default\">ARQ. HELUE MORALES IZA<\/h1>\t\t\t\t<\/div>\n\t\t\t\t<\/div>\n\t\t\t\t<div class=\"elementor-element elementor-element-5d3668e elementor-widget elementor-widget-heading\" data-id=\"5d3668e\" data-element_type=\"widget\" data-widget_type=\"heading.default\">\n\t\t\t\t<div class=\"elementor-widget-container\">\n\t\t\t\t\t<h3 class=\"elementor-heading-title elementor-size-default\">Fundadora y Directora<br>\nCodigo Arquitectura<\/h3>\t\t\t\t<\/div>\n\t\t\t\t<\/div>\n\t\t\t\t\t<\/div>\n\t\t<\/div>\n\t\t\t\t<div class=\"elementor-column elementor-col-66 elementor-inner-column elementor-element elementor-element-5dfc861\" data-id=\"5dfc861\" data-element_type=\"column\">\n\t\t\t<div class=\"elementor-widget-wrap elementor-element-populated\">\n\t\t\t\t\t\t<div class=\"elementor-element elementor-element-bfcffdf elementor-widget elementor-widget-text-editor\" data-id=\"bfcffdf\" data-element_type=\"widget\" data-widget_type=\"text-editor.default\">\n\t\t\t\t<div class=\"elementor-widget-container\">\n\t\t\t\t\t\t\t\t\t<p>C\u00f3digo Arquitectura es un despacho fundado en el a\u00f1o 2007 por la arquitecta Helue R. Morales Iza.<br \/>Para nosotros cada proyecto y espacio tiene su propio c\u00f3digo arquitect\u00f3nico \u00fanico e irrepetible construido a partir del dise\u00f1o, luz, color, ambientaci\u00f3n del espacio, el estilo y las necesidades de cada cliente.<\/p><p>Nosotros transformamos el c\u00f3digo de cada proyecto en un espacio con alma, vida y lenguaje propio que despierta emociones, crea vivencias y recuerdos memorables.<br \/>Creemos que la mejor experiencia se logra a trav\u00e9s de la ejecuci\u00f3n de un servicio integral al que llamamos \u201cTotal Experience Design\u201d. Nuestro servicio inicia cuando el cliente nos invita a ser parte de su sue\u00f1o; identificamos sus ideales, estilo y necesidades; estudiamos alternativas para su espacio; creamos un concepto; dise\u00f1amos el proyecto, lo construimos, lo iluminamos y lo ambientamos<br \/>(mobiliario, decoraci\u00f3n y paisajismo), para terminar con la entrega de las llaves del espacio en las manos de nuestro cliente.<\/p><p>Para nosotros es importante que el resultado final de una obra adem\u00e1s de ser hermosa y funcional sea duradera, es por eso que la calidad de nuestro trabajo se refleja en el detalle y cuidado que ponemos en todo. Esto es el resultado de m\u00e1s de 15 a\u00f1os de experiencia, un equipo de gente profesional, capacitada y una mano de obra especializada.<\/p>\t\t\t\t\t\t\t\t<\/div>\n\t\t\t\t<\/div>\n\t\t\t\t<div class=\"elementor-element elementor-element-d1bcb57 elementor-widget elementor-widget-heading\" data-id=\"d1bcb57\" data-element_type=\"widget\" data-widget_type=\"heading.default\">\n\t\t\t\t<div class=\"elementor-widget-container\">\n\t\t\t\t\t<h3 class=\"elementor-heading-title elementor-size-default\">PUBLICACIONES Y RECONOCIMIENTOS<\/h3>\t\t\t\t<\/div>\n\t\t\t\t<\/div>\n\t\t\t\t\t<\/div>\n\t\t<\/div>\n\t\t\t\t\t<\/div>\n\t\t<\/section>\n\t\t\t\t\t<\/div>\n\t\t<\/div>\n\t\t\t\t\t<\/div>\n\t\t<\/section>\n\t\t\t\t<\/div>\n\t\t","protected":false},"excerpt":{"rendered":"<p>ARQ. HELUE MORALES IZA Fundadora y Directora Codigo Arquitectura C\u00f3digo Arquitectura es un despacho fundado en el a\u00f1o 2007 por la arquitecta Helue R. Morales Iza.Para nosotros cada proyecto y espacio tiene su propio c\u00f3digo arquitect\u00f3nico \u00fanico e irrepetible construido a partir del dise\u00f1o, luz, color, ambientaci\u00f3n del espacio, el estilo y las necesidades de [&hellip;]<\/p>\n","protected":false},"author":1,"featured_media":1214,"parent":0,"menu_order":0,"comment_status":"closed","ping_status":"closed","template":"","meta":{"_acf_changed":false,"footnotes":""},"class_list":["post-1538","page","type-page","status-publish","has-post-thumbnail","hentry"],"acf":[],"_links":{"self":[{"href":"https:\/\/codarq.mx\/en\/wp-json\/wp\/v2\/pages\/1538","targetHints":{"allow":["GET"]}}],"collection":[{"href":"https:\/\/codarq.mx\/en\/wp-json\/wp\/v2\/pages"}],"about":[{"href":"https:\/\/codarq.mx\/en\/wp-json\/wp\/v2\/types\/page"}],"author":[{"embeddable":true,"href":"https:\/\/codarq.mx\/en\/wp-json\/wp\/v2\/users\/1"}],"replies":[{"embeddable":true,"href":"https:\/\/codarq.mx\/en\/wp-json\/wp\/v2\/comments?post=1538"}],"version-history":[{"count":29,"href":"https:\/\/codarq.mx\/en\/wp-json\/wp\/v2\/pages\/1538\/revisions"}],"predecessor-version":[{"id":2224,"href":"https:\/\/codarq.mx\/en\/wp-json\/wp\/v2\/pages\/1538\/revisions\/2224"}],"wp:featuredmedia":[{"embeddable":true,"href":"https:\/\/codarq.mx\/en\/wp-json\/wp\/v2\/media\/1214"}],"wp:attachment":[{"href":"https:\/\/codarq.mx\/en\/wp-json\/wp\/v2\/media?parent=1538"}],"curies":[{"name":"wp","href":"https:\/\/api.w.org\/{rel}","templated":true}]}}